{"id":2872,"date":"2023-07-17T13:08:05","date_gmt":"2023-07-17T13:08:05","guid":{"rendered":"https:\/\/boutiquerestoran.com\/contact\/"},"modified":"2024-03-28T09:20:57","modified_gmt":"2024-03-28T09:20:57","slug":"contact","status":"publish","type":"page","link":"https:\/\/boutiquerestoran.com\/en\/contact\/","title":{"rendered":"Contact"},"content":{"rendered":"\t\t<div data-elementor-type=\"wp-page\" data-elementor-id=\"2872\" class=\"elementor elementor-2872 elementor-93\" data-elementor-post-type=\"page\">\n\t\t\t\t\t\t<section class=\"elementor-section elementor-top-section elementor-element elementor-element-383e550e elementor-section-boxed elementor-section-height-default elementor-section-height-default\" data-id=\"383e550e\" data-element_type=\"section\" data-e-type=\"section\" data-settings=\"{&quot;background_background&quot;:&quot;classic&quot;}\">\n\t\t\t\t\t\t\t<div class=\"elementor-background-overlay\"><\/div>\n\t\t\t\t\t\t\t<div class=\"elementor-container elementor-column-gap-default\">\n\t\t\t\t\t<div class=\"elementor-column elementor-col-100 elementor-top-column elementor-element elementor-element-74e1f4d8\" data-id=\"74e1f4d8\" data-element_type=\"column\" data-e-type=\"column\">\n\t\t\t<div class=\"elementor-widget-wrap elementor-element-populated\">\n\t\t\t\t\t\t<div class=\"elementor-element elementor-element-4f44d980 elementor-widget elementor-widget-heading\" data-id=\"4f44d980\" data-element_type=\"widget\" data-e-type=\"widget\" data-widget_type=\"heading.default\">\n\t\t\t\t<div class=\"elementor-widget-container\">\n\t\t\t\t\t<h2 class=\"elementor-heading-title elementor-size-default\">CONTACT<\/h2>\t\t\t\t<\/div>\n\t\t\t\t<\/div>\n\t\t\t\t\t<\/div>\n\t\t<\/div>\n\t\t\t\t\t<\/div>\n\t\t<\/section>\n\t\t\t\t<section class=\"elementor-section elementor-top-section elementor-element elementor-element-fc00c24 elementor-section-boxed elementor-section-height-default elementor-section-height-default\" data-id=\"fc00c24\" data-element_type=\"section\" data-e-type=\"section\" data-settings=\"{&quot;background_background&quot;:&quot;classic&quot;}\">\n\t\t\t\t\t\t<div class=\"elementor-container elementor-column-gap-default\">\n\t\t\t\t\t<div class=\"elementor-column elementor-col-100 elementor-top-column elementor-element elementor-element-13a9bac\" data-id=\"13a9bac\" data-element_type=\"column\" data-e-type=\"column\">\n\t\t\t<div class=\"elementor-widget-wrap elementor-element-populated\">\n\t\t\t\t\t\t<div class=\"elementor-element elementor-element-3a41576 elementor-widget elementor-widget-heading\" data-id=\"3a41576\" data-element_type=\"widget\" data-e-type=\"widget\" data-widget_type=\"heading.default\">\n\t\t\t\t<div class=\"elementor-widget-container\">\n\t\t\t\t\t<h2 class=\"elementor-heading-title elementor-size-default\">RESTAURANT BOUTIQUE | LOCATIONS<\/h2>\t\t\t\t<\/div>\n\t\t\t\t<\/div>\n\t\t\t\t\t<\/div>\n\t\t<\/div>\n\t\t\t\t\t<\/div>\n\t\t<\/section>\n\t\t\t\t<section class=\"elementor-section elementor-top-section elementor-element elementor-element-46516d3 elementor-section-full_width elementor-section-stretched elementor-section-height-default elementor-section-height-default\" data-id=\"46516d3\" data-element_type=\"section\" data-e-type=\"section\" data-settings=\"{&quot;background_background&quot;:&quot;classic&quot;,&quot;stretch_section&quot;:&quot;section-stretched&quot;}\">\n\t\t\t\t\t\t<div class=\"elementor-container elementor-column-gap-default\">\n\t\t\t\t\t<div class=\"elementor-column elementor-col-25 elementor-top-column elementor-element elementor-element-5684250 elementor-invisible\" data-id=\"5684250\" data-element_type=\"column\" data-e-type=\"column\" data-settings=\"{&quot;animation&quot;:&quot;slideInUp&quot;}\">\n\t\t\t<div class=\"elementor-widget-wrap elementor-element-populated\">\n\t\t\t\t\t\t<div class=\"elementor-element elementor-element-5f8963b elementor-widget elementor-widget-image\" data-id=\"5f8963b\" data-element_type=\"widget\" data-e-type=\"widget\" data-widget_type=\"image.default\">\n\t\t\t\t<div class=\"elementor-widget-container\">\n\t\t\t\t\t\t\t\t\t\t\t\t\t\t\t<img fetchpriority=\"high\" decoding=\"async\" width=\"768\" height=\"768\" src=\"https:\/\/boutiquerestoran.com\/wp-content\/uploads\/2023\/07\/boutique_1-768x768-1.jpeg\" class=\"attachment-large size-large wp-image-2806\" alt=\"\" srcset=\"https:\/\/boutiquerestoran.com\/wp-content\/uploads\/2023\/07\/boutique_1-768x768-1.jpeg 768w, https:\/\/boutiquerestoran.com\/wp-content\/uploads\/2023\/07\/boutique_1-768x768-1-300x300.jpeg 300w, https:\/\/boutiquerestoran.com\/wp-content\/uploads\/2023\/07\/boutique_1-768x768-1-150x150.jpeg 150w, https:\/\/boutiquerestoran.com\/wp-content\/uploads\/2023\/07\/boutique_1-768x768-1-600x600.jpeg 600w, https:\/\/boutiquerestoran.com\/wp-content\/uploads\/2023\/07\/boutique_1-768x768-1-100x100.jpeg 100w\" sizes=\"(max-width: 768px) 100vw, 768px\" \/>\t\t\t\t\t\t\t\t\t\t\t\t\t\t\t<\/div>\n\t\t\t\t<\/div>\n\t\t\t\t<div class=\"elementor-element elementor-element-3650457 elementor-widget elementor-widget-text-editor\" data-id=\"3650457\" data-element_type=\"widget\" data-e-type=\"widget\" data-widget_type=\"text-editor.default\">\n\t\t\t\t<div class=\"elementor-widget-container\">\n\t\t\t\t\t\t\t\t\t<h3><strong>BOUTIQUE<\/strong> <strong>1<\/strong><\/h3>\n<p>Trg republike 3<br \/><a href=\"_wp_link_placeholder\" data-wplink-edit=\"true\">+381 11 26 21 373<\/a><br \/><a href=\"mailto:caffetheatre@gmail.com\">caffetheatre@gmail.com<\/a><\/p>\n\t\t\t\t\t\t\t\t<\/div>\n\t\t\t\t<\/div>\n\t\t\t\t\t<\/div>\n\t\t<\/div>\n\t\t\t\t<div class=\"elementor-column elementor-col-25 elementor-top-column elementor-element elementor-element-fd316a8 elementor-invisible\" data-id=\"fd316a8\" data-element_type=\"column\" data-e-type=\"column\" data-settings=\"{&quot;animation&quot;:&quot;slideInUp&quot;}\">\n\t\t\t<div class=\"elementor-widget-wrap elementor-element-populated\">\n\t\t\t\t\t\t<div class=\"elementor-element elementor-element-7fc845f elementor-widget elementor-widget-image\" data-id=\"7fc845f\" data-element_type=\"widget\" data-e-type=\"widget\" data-widget_type=\"image.default\">\n\t\t\t\t<div class=\"elementor-widget-container\">\n\t\t\t\t\t\t\t\t\t\t\t\t\t\t\t<img decoding=\"async\" width=\"768\" height=\"768\" src=\"https:\/\/boutiquerestoran.com\/wp-content\/uploads\/2023\/07\/boutique_2-768x768-1.jpeg\" class=\"attachment-large size-large wp-image-2807\" alt=\"\" srcset=\"https:\/\/boutiquerestoran.com\/wp-content\/uploads\/2023\/07\/boutique_2-768x768-1.jpeg 768w, https:\/\/boutiquerestoran.com\/wp-content\/uploads\/2023\/07\/boutique_2-768x768-1-300x300.jpeg 300w, https:\/\/boutiquerestoran.com\/wp-content\/uploads\/2023\/07\/boutique_2-768x768-1-150x150.jpeg 150w, https:\/\/boutiquerestoran.com\/wp-content\/uploads\/2023\/07\/boutique_2-768x768-1-600x600.jpeg 600w, https:\/\/boutiquerestoran.com\/wp-content\/uploads\/2023\/07\/boutique_2-768x768-1-100x100.jpeg 100w\" sizes=\"(max-width: 768px) 100vw, 768px\" \/>\t\t\t\t\t\t\t\t\t\t\t\t\t\t\t<\/div>\n\t\t\t\t<\/div>\n\t\t\t\t<div class=\"elementor-element elementor-element-c5b49f6 elementor-widget elementor-widget-text-editor\" data-id=\"c5b49f6\" data-element_type=\"widget\" data-e-type=\"widget\" data-widget_type=\"text-editor.default\">\n\t\t\t\t<div class=\"elementor-widget-container\">\n\t\t\t\t\t\t\t\t\t<h3><strong>BOUTIQUE 2<\/strong><\/h3>\n<p>Knez Mihailova 52a<br \/><a href=\"tel:+381603130178\">+381 60 31 30 178<\/a><br \/><a href=\"mailto:boutique.no2@gmail.com\">boutique.no2@gmail.com<\/a><\/p>\n\t\t\t\t\t\t\t\t<\/div>\n\t\t\t\t<\/div>\n\t\t\t\t\t<\/div>\n\t\t<\/div>\n\t\t\t\t<div class=\"elementor-column elementor-col-25 elementor-top-column elementor-element elementor-element-520a650 elementor-invisible\" data-id=\"520a650\" data-element_type=\"column\" data-e-type=\"column\" data-settings=\"{&quot;animation&quot;:&quot;slideInUp&quot;}\">\n\t\t\t<div class=\"elementor-widget-wrap elementor-element-populated\">\n\t\t\t\t\t\t<div class=\"elementor-element elementor-element-ae0c144 elementor-widget elementor-widget-image\" data-id=\"ae0c144\" data-element_type=\"widget\" data-e-type=\"widget\" data-widget_type=\"image.default\">\n\t\t\t\t<div class=\"elementor-widget-container\">\n\t\t\t\t\t\t\t\t\t\t\t\t\t\t\t<img decoding=\"async\" width=\"768\" height=\"768\" src=\"https:\/\/boutiquerestoran.com\/wp-content\/uploads\/2023\/07\/boutique_3-768x768-1.png\" class=\"attachment-large size-large wp-image-2808\" alt=\"\" srcset=\"https:\/\/boutiquerestoran.com\/wp-content\/uploads\/2023\/07\/boutique_3-768x768-1.png 768w, https:\/\/boutiquerestoran.com\/wp-content\/uploads\/2023\/07\/boutique_3-768x768-1-300x300.png 300w, https:\/\/boutiquerestoran.com\/wp-content\/uploads\/2023\/07\/boutique_3-768x768-1-150x150.png 150w, https:\/\/boutiquerestoran.com\/wp-content\/uploads\/2023\/07\/boutique_3-768x768-1-600x600.png 600w, https:\/\/boutiquerestoran.com\/wp-content\/uploads\/2023\/07\/boutique_3-768x768-1-100x100.png 100w\" sizes=\"(max-width: 768px) 100vw, 768px\" \/>\t\t\t\t\t\t\t\t\t\t\t\t\t\t\t<\/div>\n\t\t\t\t<\/div>\n\t\t\t\t<div class=\"elementor-element elementor-element-e2dfaea elementor-widget elementor-widget-text-editor\" data-id=\"e2dfaea\" data-element_type=\"widget\" data-e-type=\"widget\" data-widget_type=\"text-editor.default\">\n\t\t\t\t<div class=\"elementor-widget-container\">\n\t\t\t\t\t\t\t\t\t<h3><strong>BOUTIQUE TROJKA<\/strong><\/h3>\n<p>Bulevar Milutina Milankovi\u0107a 1\u017e<br \/><a href=\"tel:+381603130317\">+381 60 31 30 317<\/a><br \/><a href=\"mailto:boutiqueblok43@gmail.com\">boutiqueblok43@gmail.com<\/a><\/p>\n\t\t\t\t\t\t\t\t<\/div>\n\t\t\t\t<\/div>\n\t\t\t\t\t<\/div>\n\t\t<\/div>\n\t\t\t\t<div class=\"elementor-column elementor-col-25 elementor-top-column elementor-element elementor-element-5aeb8cf elementor-invisible\" data-id=\"5aeb8cf\" data-element_type=\"column\" data-e-type=\"column\" data-settings=\"{&quot;animation&quot;:&quot;slideInUp&quot;}\">\n\t\t\t<div class=\"elementor-widget-wrap elementor-element-populated\">\n\t\t\t\t\t\t<div class=\"elementor-element elementor-element-599b871 elementor-widget elementor-widget-image\" data-id=\"599b871\" data-element_type=\"widget\" data-e-type=\"widget\" data-widget_type=\"image.default\">\n\t\t\t\t<div class=\"elementor-widget-container\">\n\t\t\t\t\t\t\t\t\t\t\t\t\t\t\t<img fetchpriority=\"high\" decoding=\"async\" width=\"768\" height=\"768\" src=\"https:\/\/boutiquerestoran.com\/wp-content\/uploads\/2023\/07\/boutique_1-768x768-1.jpeg\" class=\"attachment-large size-large wp-image-2806\" alt=\"\" srcset=\"https:\/\/boutiquerestoran.com\/wp-content\/uploads\/2023\/07\/boutique_1-768x768-1.jpeg 768w, https:\/\/boutiquerestoran.com\/wp-content\/uploads\/2023\/07\/boutique_1-768x768-1-300x300.jpeg 300w, https:\/\/boutiquerestoran.com\/wp-content\/uploads\/2023\/07\/boutique_1-768x768-1-150x150.jpeg 150w, https:\/\/boutiquerestoran.com\/wp-content\/uploads\/2023\/07\/boutique_1-768x768-1-600x600.jpeg 600w, https:\/\/boutiquerestoran.com\/wp-content\/uploads\/2023\/07\/boutique_1-768x768-1-100x100.jpeg 100w\" sizes=\"(max-width: 768px) 100vw, 768px\" \/>\t\t\t\t\t\t\t\t\t\t\t\t\t\t\t<\/div>\n\t\t\t\t<\/div>\n\t\t\t\t<div class=\"elementor-element elementor-element-357cde6 elementor-widget elementor-widget-text-editor\" data-id=\"357cde6\" data-element_type=\"widget\" data-e-type=\"widget\" data-widget_type=\"text-editor.default\">\n\t\t\t\t<div class=\"elementor-widget-container\">\n\t\t\t\t\t\t\t\t\t<h3><strong>BOUTIQUE NI\u0160<\/strong><\/h3>\n<p>Delta Planet Ni\u0161, Bulevar Nemanji\u0107a 11b<br \/><a href=\"tel:+381603130252\">+381 60 31 30 252<\/a><br \/><a href=\"mailto:mail:boutique.nis018@gmail.com\">boutique.nis018@gmail.com<\/a><\/p>\n\t\t\t\t\t\t\t\t<\/div>\n\t\t\t\t<\/div>\n\t\t\t\t\t<\/div>\n\t\t<\/div>\n\t\t\t\t\t<\/div>\n\t\t<\/section>\n\t\t\t\t<section class=\"elementor-section elementor-top-section elementor-element elementor-element-604d2a97 elementor-section-boxed elementor-section-height-default elementor-section-height-default\" data-id=\"604d2a97\" data-element_type=\"section\" data-e-type=\"section\" data-settings=\"{&quot;background_background&quot;:&quot;classic&quot;}\">\n\t\t\t\t\t\t<div class=\"elementor-container elementor-column-gap-default\">\n\t\t\t\t\t<div class=\"elementor-column elementor-col-100 elementor-top-column elementor-element elementor-element-39f7612a\" data-id=\"39f7612a\" data-element_type=\"column\" data-e-type=\"column\">\n\t\t\t<div class=\"elementor-widget-wrap elementor-element-populated\">\n\t\t\t\t\t\t<div class=\"elementor-element elementor-element-75b1614 elementor-widget elementor-widget-text-editor\" data-id=\"75b1614\" data-element_type=\"widget\" data-e-type=\"widget\" data-widget_type=\"text-editor.default\">\n\t\t\t\t<div class=\"elementor-widget-container\">\n\t\t\t\t\t\t\t\t\t<div class=\"et_pb_module et_pb_text et_pb_text_4 et_pb_text_align_center et_pb_bg_layout_light\">\n<div class=\"et_pb_text_inner\">\n<h2><strong>LEAVE US A MESSAGE<\/strong><\/h2>\n<\/div>\n<\/div>\n<div class=\"et_pb_module et_pb_divider et_pb_divider_1 et_pb_divider_position_ et_pb_space et_had_animation\">\n<div class=\"et_pb_divider_internal\">Leave us a message by using the contact form bellow &amp; you will receive an answer to your question of inquiry as soon as possible.<\/div>\n<\/div>\n\t\t\t\t\t\t\t\t<\/div>\n\t\t\t\t<\/div>\n\t\t\t\t<div class=\"elementor-element elementor-element-0c32be7 elementor-widget elementor-widget-wpforms\" data-id=\"0c32be7\" data-element_type=\"widget\" data-e-type=\"widget\" data-widget_type=\"wpforms.default\">\n\t\t\t\t<div class=\"elementor-widget-container\">\n\t\t\t\t\t<div class=\"wpforms-container wpforms-container-full wpforms-render-modern\" id=\"wpforms-3006\"><form id=\"wpforms-form-3006\" class=\"wpforms-validate wpforms-form\" data-formid=\"3006\" method=\"post\" enctype=\"multipart\/form-data\" action=\"\/en\/wp-json\/wp\/v2\/pages\/2872\" data-token=\"2ef3bb9222e44258fb7e2075cf63f8cc\" data-token-time=\"1775289436\"><noscript class=\"wpforms-error-noscript\">Please enable JavaScript in your browser to complete this form.<\/noscript><div id=\"wpforms-error-noscript\" style=\"display: none;\">Please enable JavaScript in your browser to complete this form.<\/div><div class=\"wpforms-field-container\"><div id=\"wpforms-3006-field_0-container\" class=\"wpforms-field wpforms-field-name wpforms-one-half wpforms-first\" data-field-id=\"0\"><label class=\"wpforms-field-label\" for=\"wpforms-3006-field_0\">First and last name <span class=\"wpforms-required-label\" aria-hidden=\"true\">*<\/span><\/label><input type=\"text\" id=\"wpforms-3006-field_0\" class=\"wpforms-field-large wpforms-field-required\" name=\"wpforms[fields][0]\" placeholder=\"First and last name\" aria-errormessage=\"wpforms-3006-field_0-error\" required><\/div><div id=\"wpforms-3006-field_1-container\" class=\"wpforms-field wpforms-field-email wpforms-one-half\" data-field-id=\"1\"><label class=\"wpforms-field-label\" for=\"wpforms-3006-field_1\">Email <span class=\"wpforms-required-label\" aria-hidden=\"true\">*<\/span><\/label><input type=\"email\" id=\"wpforms-3006-field_1\" class=\"wpforms-field-large wpforms-field-required\" name=\"wpforms[fields][1]\" placeholder=\"Email\" spellcheck=\"false\" aria-errormessage=\"wpforms-3006-field_1-error\" required><\/div><div id=\"wpforms-3006-field_3-container\" class=\"wpforms-field wpforms-field-text\" data-field-id=\"3\"><label class=\"wpforms-field-label\" for=\"wpforms-3006-field_3\">Phone <span class=\"wpforms-required-label\" aria-hidden=\"true\">*<\/span><\/label><input type=\"text\" id=\"wpforms-3006-field_3\" class=\"wpforms-field-large wpforms-field-required\" name=\"wpforms[fields][3]\" placeholder=\"Phone\" aria-errormessage=\"wpforms-3006-field_3-error\" required><\/div><div id=\"wpforms-3006-field_29-container\" class=\"wpforms-field wpforms-field-select wpforms-field-select-style-classic\" data-field-id=\"29\"><label class=\"wpforms-field-label\" for=\"wpforms-3006-field_29\">Selection of Boutique restaurants <span class=\"wpforms-required-label\" aria-hidden=\"true\">*<\/span><\/label><select id=\"wpforms-3006-field_29\" class=\"wpforms-field-large wpforms-field-required\" name=\"wpforms[fields][29]\" required=\"required\"><option value=\"\" class=\"placeholder\" disabled  selected='selected'>Choose a Boutique restaurant<\/option><option value=\"Boutique 1 (Trg Republike 3)\"  class=\"choice-1 depth-1\"  >Boutique 1 (Trg Republike 3)<\/option><option value=\"Boutique 2 (Knez Mihailova 52a)\"  class=\"choice-2 depth-1\"  >Boutique 2 (Knez Mihailova 52a)<\/option><option value=\"Boutique Trojka (Bulevar Milutina Milankovi\u0107a 1\u017e)\"  class=\"choice-3 depth-1\"  >Boutique Trojka (Bulevar Milutina Milankovi\u0107a 1\u017e)<\/option><option value=\"Boutique Ni\u0161 (Delta Planet, Bulevar Nemanji\u0107a 11b)\"  class=\"choice-4 depth-1\"  >Boutique Ni\u0161 (Delta Planet, Bulevar Nemanji\u0107a 11b)<\/option><\/select><\/div><div id=\"wpforms-3006-field_2-container\" class=\"wpforms-field wpforms-field-textarea\" data-field-id=\"2\"><label class=\"wpforms-field-label\" for=\"wpforms-3006-field_2\">Message <span class=\"wpforms-required-label\" aria-hidden=\"true\">*<\/span><\/label><textarea id=\"wpforms-3006-field_2\" class=\"wpforms-field-small wpforms-field-required\" name=\"wpforms[fields][2]\" placeholder=\"Your message\" aria-errormessage=\"wpforms-3006-field_2-error\" required><\/textarea><\/div><div id=\"wpforms-3006-field_4-container\" class=\"wpforms-field wpforms-field-captcha\" data-field-id=\"4\"><label class=\"wpforms-field-label wpforms-label-hide\" for=\"wpforms-3006-field_4\" aria-hidden=\"false\">Custom Captcha <span class=\"wpforms-required-label\" aria-hidden=\"true\">*<\/span><\/label>\t\t\t<div class=\"wpforms-captcha-math\">\n\t\t\t\t<span id=\"wpforms-3006-field_4-question\" class=\"wpforms-captcha-equation\">\n\t\t\t\t\t<span class=\"n1\">4<\/span>\n\t\t\t\t\t\t\t<span class=\"cal\">*<\/span>\n\t\t\t\t\t\t\t<span class=\"n2\">7<\/span>\t\t\t\t\t<span class=\"e\">=<\/span>\n\t\t\t\t<\/span>\n\t\t\t\t<input type=\"text\" id=\"wpforms-3006-field_4\" class=\"wpforms-field-medium wpforms-field-required a\" data-rule-wpf-captcha=\"math\" data-is-wrapped-field=\"1\" name=\"wpforms[fields][4][a]\" aria-errormessage=\"wpforms-3006-field_4-error\" aria-describedby=\"wpforms-3006-field_4-question\" required>\t\t\t\t<input type=\"hidden\" name=\"wpforms[fields][4][cal]\" class=\"cal\">\n\t\t\t\t<input type=\"hidden\" name=\"wpforms[fields][4][n2]\" class=\"n2\">\n\t\t\t\t<input type=\"hidden\" name=\"wpforms[fields][4][n1]\" class=\"n1\">\n\t\t\t<\/div>\n\t\t\t<\/div><\/div><!-- .wpforms-field-container --><div class=\"wpforms-field wpforms-field-hp\"><label for=\"wpforms-3006-field-hp\" class=\"wpforms-field-label\">Message<\/label><input type=\"text\" name=\"wpforms[hp]\" id=\"wpforms-3006-field-hp\" class=\"wpforms-field-medium\"><\/div><div class=\"wpforms-recaptcha-container wpforms-is-recaptcha wpforms-is-recaptcha-type-v3\" ><input type=\"hidden\" name=\"wpforms[recaptcha]\" value=\"\"><\/div><div class=\"wpforms-submit-container\" ><input type=\"hidden\" name=\"wpforms[id]\" value=\"3006\"><input type=\"hidden\" name=\"page_title\" value=\"\"><input type=\"hidden\" name=\"page_url\" value=\"https:\/\/boutiquerestoran.com\/en\/wp-json\/wp\/v2\/pages\/2872\"><input type=\"hidden\" name=\"url_referer\" value=\"\"><button type=\"submit\" name=\"wpforms[submit]\" id=\"wpforms-submit-3006\" class=\"wpforms-submit wpf-button\" data-alt-text=\"Sending...\" data-submit-text=\"Send\" aria-live=\"assertive\" value=\"wpforms-submit\">Send<\/button><\/div><\/form><\/div>  <!-- .wpforms-container -->\t\t\t\t<\/div>\n\t\t\t\t<\/div>\n\t\t\t\t\t<\/div>\n\t\t<\/div>\n\t\t\t\t\t<\/div>\n\t\t<\/section>\n\t\t\t\t<\/div>\n\t\t","protected":false},"excerpt":{"rendered":"<p>CONTACT RESTAURANT BOUTIQUE | LOCATIONS BOUTIQUE 1 Trg republike 3+381 11 26 21 373caffetheatre@gmail.com BOUTIQUE 2 Knez Mihailova 52a+381 60 31 30 178boutique.no2@gmail.com BOUTIQUE TROJKA Bulevar Milutina Milankovi\u0107a 1\u017e+381 60 31 30 317boutiqueblok43@gmail.com BOUTIQUE NI\u0160 Delta Planet Ni\u0161, Bulevar Nemanji\u0107a 11b+381 60 31 30 252boutique.nis018@gmail.com LEAVE US A MESSAGE Leave us a message by using [&hellip;]<\/p>\n","protected":false},"author":1,"featured_media":2756,"parent":0,"menu_order":0,"comment_status":"closed","ping_status":"closed","template":"elementor_header_footer","meta":{"footnotes":""},"class_list":["post-2872","page","type-page","status-publish","has-post-thumbnail","hentry"],"_links":{"self":[{"href":"https:\/\/boutiquerestoran.com\/en\/wp-json\/wp\/v2\/pages\/2872","targetHints":{"allow":["GET"]}}],"collection":[{"href":"https:\/\/boutiquerestoran.com\/en\/wp-json\/wp\/v2\/pages"}],"about":[{"href":"https:\/\/boutiquerestoran.com\/en\/wp-json\/wp\/v2\/types\/page"}],"author":[{"embeddable":true,"href":"https:\/\/boutiquerestoran.com\/en\/wp-json\/wp\/v2\/users\/1"}],"replies":[{"embeddable":true,"href":"https:\/\/boutiquerestoran.com\/en\/wp-json\/wp\/v2\/comments?post=2872"}],"version-history":[{"count":0,"href":"https:\/\/boutiquerestoran.com\/en\/wp-json\/wp\/v2\/pages\/2872\/revisions"}],"wp:featuredmedia":[{"embeddable":true,"href":"https:\/\/boutiquerestoran.com\/en\/wp-json\/wp\/v2\/media\/2756"}],"wp:attachment":[{"href":"https:\/\/boutiquerestoran.com\/en\/wp-json\/wp\/v2\/media?parent=2872"}],"curies":[{"name":"wp","href":"https:\/\/api.w.org\/{rel}","templated":true}]}}